{"id":74,"date":"2021-11-05T20:19:43","date_gmt":"2021-11-05T20:19:43","guid":{"rendered":"https:\/\/eurokonstruksion.al\/?page_id=74"},"modified":"2021-11-11T11:20:18","modified_gmt":"2021-11-11T11:20:18","slug":"lyerje","status":"publish","type":"page","link":"https:\/\/eurokonstruksion.al\/en\/lyerje\/","title":{"rendered":"PAINTING"},"content":{"rendered":"[et_pb_section fb_built=&#8221;1&#8243; fullwidth=&#8221;on&#8221; admin_label=&#8221;Header&#8221; _builder_version=&#8221;4.13.0&#8243; background_enable_color=&#8221;off&#8221; background_image=&#8221;https:\/\/eurokonstruksion.al\/wp-content\/uploads\/2021\/11\/LYERJE-ME-BOJE-ELEKTROSTATIKE-TIRANE.jpg&#8221; custom_margin=&#8221;0px||0px||true|false&#8221; custom_padding=&#8221;0px|0|0px|0px|false|false&#8221; hover_enabled=&#8221;0&#8243; global_colors_info=&#8221;{}&#8221; theme_builder_area=&#8221;post_content&#8221; title_text=&#8221;LYERJE ME BOJE ELEKTROSTATIKE &#8211; TIRANE&#8221; sticky_enabled=&#8221;0&#8243;][et_pb_fullwidth_header title=&#8221;LYERJE ME BOJE ELEKTROSTATIKE&#8221; text_orientation=&#8221;center&#8221; content_max_width=&#8221;99%&#8221; admin_label=&#8221;Fullwidth Header&#8221; _builder_version=&#8221;4.13.0&#8243; title_font=&#8221;Merriweather||||||||&#8221; title_text_align=&#8221;center&#8221; title_font_size=&#8221;50px&#8221; title_line_height=&#8221;1.4em&#8221; content_font=&#8221;Open Sans||||||||&#8221; content_text_align=&#8221;center&#8221; content_font_size=&#8221;18px&#8221; content_line_height=&#8221;1.8em&#8221; background_color=&#8221;rgba(0,0,0,0)&#8221; use_background_color_gradient=&#8221;on&#8221; background_color_gradient_start=&#8221;rgba(0,0,0,0.22)&#8221; background_color_gradient_end=&#8221;rgba(12,4,25,0.28)&#8221; background_color_gradient_direction=&#8221;140deg&#8221; background_image=&#8221;https:\/\/eurokonstruksion.al\/wp-content\/uploads\/2021\/11\/venture_02.png&#8221; custom_button_one=&#8221;on&#8221; button_one_text_size=&#8221;14px&#8221; button_one_bg_color=&#8221;#ff6d29&#8243; button_one_border_color=&#8221;rgba(0,0,0,0)&#8221; button_one_border_radius=&#8221;0px&#8221; button_one_letter_spacing=&#8221;1px&#8221; button_one_font=&#8221;|700||on|||||&#8221; button_one_custom_padding=&#8221;16px|28px|16px|28px|true|true&#8221; custom_button_two=&#8221;on&#8221; button_two_text_size=&#8221;14px&#8221; button_two_border_width=&#8221;2px&#8221; button_two_border_radius=&#8221;0px&#8221; button_two_letter_spacing=&#8221;1px&#8221; button_two_font=&#8221;|700||on|||||&#8221; button_two_custom_padding=&#8221;16px|28px|16px|28px|true|true&#8221; width=&#8221;100%&#8221; max_width=&#8221;100%&#8221; custom_margin=&#8221;|||&#8221; custom_padding=&#8221;6vw||4vw||false|false&#8221; custom_padding_tablet=&#8221;||||false|false&#8221; custom_padding_phone=&#8221;|||&#8221; custom_padding_last_edited=&#8221;off|phone&#8221; hover_enabled=&#8221;0&#8243; title_font_size_tablet=&#8221;54px&#8221; title_font_size_phone=&#8221;30px&#8221; title_font_size_last_edited=&#8221;on|phone&#8221; content_font_size_tablet=&#8221;&#8221; content_font_size_phone=&#8221;16px&#8221; content_font_size_last_edited=&#8221;on|phone&#8221; custom_css_header_container=&#8221;max-width: 1080px;||width: 100%;&#8221; button_one_border_color_hover=&#8221;#ff8a3d&#8221; button_one_border_radius_hover=&#8221;100px&#8221; button_one_letter_spacing_hover=&#8221;5px&#8221; button_one_bg_color_hover=&#8221;#ff8a3d&#8221; global_colors_info=&#8221;{}&#8221; button_one_text_size__hover_enabled=&#8221;off&#8221; button_two_text_size__hover_enabled=&#8221;off&#8221; button_one_text_color__hover_enabled=&#8221;off&#8221; button_two_text_color__hover_enabled=&#8221;off&#8221; button_one_border_width__hover_enabled=&#8221;off&#8221; button_two_border_width__hover_enabled=&#8221;off&#8221; button_one_border_color__hover_enabled=&#8221;off&#8221; button_one_border_color__hover=&#8221;#ff8a3d&#8221; button_two_border_color__hover_enabled=&#8221;off&#8221; button_one_border_radius__hover_enabled=&#8221;off&#8221; button_one_border_radius__hover=&#8221;100px&#8221; button_two_border_radius__hover_enabled=&#8221;off&#8221; button_one_letter_spacing__hover_enabled=&#8221;off&#8221; button_one_letter_spacing__hover=&#8221;5px&#8221; button_two_letter_spacing__hover_enabled=&#8221;off&#8221; button_one_bg_color__hover_enabled=&#8221;off&#8221; button_one_bg_color__hover=&#8221;#ff8a3d&#8221; button_two_bg_color__hover_enabled=&#8221;off&#8221; theme_builder_area=&#8221;post_content&#8221; sticky_enabled=&#8221;0&#8243;][\/et_pb_fullwidth_header][\/et_pb_section][et_pb_section fb_built=&#8221;1&#8243; admin_label=&#8221;video&#8221; _builder_version=&#8221;4.13.0&#8243; background_color=&#8221;rgba(0,0,0,0.73)&#8221; custom_margin=&#8221;0px|0px|0px|0px|true|true&#8221; custom_padding=&#8221;10px|0px|10px|0px|true|true&#8221; global_colors_info=&#8221;{}&#8221; theme_builder_area=&#8221;post_content&#8221;][et_pb_row column_structure=&#8221;3_5,2_5&#8243; _builder_version=&#8221;4.13.0&#8243; width=&#8221;100%&#8221; max_width=&#8221;2560px&#8221; module_alignment=&#8221;center&#8221; custom_padding=&#8221;5px|10px|5px|10px|true|true&#8221; hover_enabled=&#8221;0&#8243; global_colors_info=&#8221;{}&#8221; theme_builder_area=&#8221;post_content&#8221; sticky_enabled=&#8221;0&#8243;][et_pb_column type=&#8221;3_5&#8243; _builder_version=&#8221;3.26.7&#8243; global_colors_info=&#8221;{}&#8221; theme_builder_area=&#8221;post_content&#8221;][et_pb_text _builder_version=&#8221;4.13.0&#8243; text_font_size=&#8221;16px&#8221; text_line_height=&#8221;2em&#8221; header_3_font=&#8221;Merriweather||||||||&#8221; header_3_font_size=&#8221;40px&#8221; header_3_line_height=&#8221;1.4em&#8221; text_orientation=&#8221;center&#8221; background_layout=&#8221;dark&#8221; max_width=&#8221;800px&#8221; max_width_tablet=&#8221;600px&#8221; max_width_phone=&#8221;400px&#8221; max_width_last_edited=&#8221;on|phone&#8221; module_alignment=&#8221;center&#8221; hover_enabled=&#8221;0&#8243; header_3_font_size_tablet=&#8221;36px&#8221; header_3_font_size_phone=&#8221;24px&#8221; header_3_font_size_last_edited=&#8221;on|desktop&#8221; locked=&#8221;off&#8221; global_colors_info=&#8221;{}&#8221; theme_builder_area=&#8221;post_content&#8221; sticky_enabled=&#8221;0&#8243;]<p style=\"text-align: justify;\">Electrostatic painting is a very efficient, cost effective and clean painting method. Can be used on conductive surfaces and provides a smooth finish. It produces a strong and durable coating that will last for years to come.<\/p>[\/et_pb_text][et_pb_gallery _builder_version=&#8221;4.13.0&#8243; _module_preset=&#8221;default&#8221; theme_builder_area=&#8221;post_content&#8221; gallery_ids=&#8221;281,282,283,284&#8243; show_title_and_caption=&#8221;off&#8221; show_pagination=&#8221;off&#8221; hover_enabled=&#8221;0&#8243; sticky_enabled=&#8221;0&#8243; module_alignment=&#8221;center&#8221; custom_margin=&#8221;0px|0px|0px|0px|true|true&#8221; custom_padding=&#8221;0px|0px|0px|0px|true|true&#8221;][\/et_pb_gallery][\/et_pb_column][et_pb_column type=&#8221;2_5&#8243; _builder_version=&#8221;4.13.0&#8243; custom_padding=&#8221;0px||0px||true|false&#8221; custom_padding_tablet=&#8221;80px||80px||true|false&#8221; custom_padding_phone=&#8221;5px||5px||true|false&#8221; custom_padding_last_edited=&#8221;on|phone&#8221; hover_enabled=&#8221;0&#8243; global_colors_info=&#8221;{}&#8221; theme_builder_area=&#8221;post_content&#8221; sticky_enabled=&#8221;0&#8243;][et_pb_text _builder_version=&#8221;4.13.0&#8243; text_font_size=&#8221;16px&#8221; text_line_height=&#8221;2em&#8221; header_3_font=&#8221;Merriweather||||||||&#8221; header_3_font_size=&#8221;40px&#8221; header_3_line_height=&#8221;1.4em&#8221; text_orientation=&#8221;center&#8221; background_layout=&#8221;dark&#8221; max_width=&#8221;800px&#8221; max_width_tablet=&#8221;600px&#8221; max_width_phone=&#8221;400px&#8221; max_width_last_edited=&#8221;on|phone&#8221; module_alignment=&#8221;center&#8221; hover_enabled=&#8221;0&#8243; header_3_font_size_tablet=&#8221;36px&#8221; header_3_font_size_phone=&#8221;24px&#8221; header_3_font_size_last_edited=&#8221;on|desktop&#8221; locked=&#8221;off&#8221; global_colors_info=&#8221;{}&#8221; theme_builder_area=&#8221;post_content&#8221; sticky_enabled=&#8221;0&#8243;]<p style=\"text-align: justify;\">Electrostatic coating is a process of using a magnetic field to apply paint to metals and various types of plastics.<\/p>\n<p style=\"text-align: justify;\"><\/p>\n<p style=\"text-align: justify;\">It is based on the principle that \"opposites retreat\". By giving the object to be painted a negative charge and the paint a positive charge, the attraction is created and the result is a stable, smooth and strong paint, which is coated.<\/p>[\/et_pb_text][et_pb_text _builder_version=&#8221;4.13.0&#8243; text_font_size=&#8221;16px&#8221; text_line_height=&#8221;2em&#8221; header_3_font=&#8221;Merriweather||||||||&#8221; header_3_font_size=&#8221;40px&#8221; header_3_line_height=&#8221;1.4em&#8221; text_orientation=&#8221;center&#8221; background_layout=&#8221;dark&#8221; max_width=&#8221;800px&#8221; max_width_tablet=&#8221;600px&#8221; max_width_phone=&#8221;400px&#8221; max_width_last_edited=&#8221;on|phone&#8221; module_alignment=&#8221;center&#8221; hover_enabled=&#8221;0&#8243; header_3_font_size_tablet=&#8221;36px&#8221; header_3_font_size_phone=&#8221;24px&#8221; header_3_font_size_last_edited=&#8221;on|desktop&#8221; locked=&#8221;off&#8221; global_colors_info=&#8221;{}&#8221; theme_builder_area=&#8221;post_content&#8221; sticky_enabled=&#8221;0&#8243;]<p style=\"text-align: justify;\">There are many benefits and advantages of electrostatic painting. The finish is a coated metal due to the electromagnetic field. Paint thickness is easy to control.<\/p>\n<p style=\"text-align: justify;\"><\/p>\n<p style=\"text-align: justify;\">It is cost effective because it saves paint and time. It is very clean because there is no excessive splashing or spraying and the application is uniform.<\/p>\n<p style=\"text-align: justify;\"><\/p>\n<p style=\"text-align: justify;\">The surface of the painted object is hygienic because it is non-porous and is impermeable to the chemicals used for cleaning.<\/p>[\/et_pb_text][\/et_pb_column][\/et_pb_row][\/et_pb_section]","protected":false},"excerpt":{"rendered":"<p>Lyerja elektrostatike \u00ebsht\u00eb nj\u00eb metod\u00eb shum\u00eb efikase, me kosto efektive dhe e past\u00ebr lyerjeje. Mund t\u00eb p\u00ebrdoret n\u00eb sip\u00ebrfaqe p\u00ebr\u00e7uese dhe siguron nj\u00eb p\u00ebrfundim t\u00eb l\u00ebmuar. Ai prodhon nj\u00eb shtres\u00eb t\u00eb fort\u00eb dhe t\u00eb q\u00ebndrueshme q\u00eb do t\u00eb q\u00ebndroj\u00eb p\u00ebr vitet n\u00eb vijim.Lyerja elektrostatike \u00ebsht\u00eb nj\u00eb proces i p\u00ebrdorimit t\u00eb nj\u00eb fushe magnetike p\u00ebr t\u00eb [&hellip;]<\/p>","protected":false},"author":1,"featured_media":296,"parent":0,"menu_order":0,"comment_status":"closed","ping_status":"closed","template":"","meta":{"_et_pb_use_builder":"on","_et_pb_old_content":"<!-- wp:divi\/placeholder \/-->","_et_gb_content_width":"","footnotes":""},"class_list":["post-74","page","type-page","status-publish","has-post-thumbnail","hentry"],"yoast_head":"<!-- This site is optimized with the Yoast SEO plugin v27.3 - https:\/\/yoast.com\/product\/yoast-seo-wordpress\/ -->\n<title>Lyerje me Boje Elektrostatike - Konstruksione Metalike Tirane<\/title>\n<meta name=\"description\" content=\"Euro Konstruksion 2007 Shpk. Konstruksione Metalike: Porta, Kangjella, Shkalle. Prerje Metali me Lazer. Lyrje me Boje Elektrostatike - Tirane\" \/>\n<meta name=\"robots\" content=\"index, follow, max-snippet:-1, max-image-preview:large, max-video-preview:-1\" \/>\n<link rel=\"canonical\" href=\"https:\/\/eurokonstruksion.al\/en\/lyerje\/\" \/>\n<meta property=\"og:locale\" content=\"en_US\" \/>\n<meta property=\"og:type\" content=\"article\" \/>\n<meta property=\"og:title\" content=\"Lyerje me Boje Elektrostatike - Konstruksione Metalike Tirane\" \/>\n<meta property=\"og:description\" content=\"Euro Konstruksion 2007 Shpk. Konstruksione Metalike: Porta, Kangjella, Shkalle. Prerje Metali me Lazer. Lyrje me Boje Elektrostatike - Tirane\" \/>\n<meta property=\"og:url\" content=\"https:\/\/eurokonstruksion.al\/en\/lyerje\/\" \/>\n<meta property=\"og:site_name\" content=\"Konstruksione Metalike Tirane\" \/>\n<meta property=\"article:publisher\" content=\"https:\/\/facebook.com\/eurokontruksion2007\" \/>\n<meta property=\"article:modified_time\" content=\"2021-11-11T11:20:18+00:00\" \/>\n<meta property=\"og:image\" content=\"https:\/\/eurokonstruksion.al\/wp-content\/uploads\/2021\/11\/EURO-KONSTRUKSION-2007-cover.jpeg\" \/>\n\t<meta property=\"og:image:width\" content=\"640\" \/>\n\t<meta property=\"og:image:height\" content=\"331\" \/>\n\t<meta property=\"og:image:type\" content=\"image\/jpeg\" \/>\n<meta name=\"twitter:card\" content=\"summary_large_image\" \/>\n<meta name=\"twitter:label1\" content=\"Est. reading time\" \/>\n\t<meta name=\"twitter:data1\" content=\"2 minutes\" \/>\n<script type=\"application\/ld+json\" class=\"yoast-schema-graph\">{\"@context\":\"https:\\\/\\\/schema.org\",\"@graph\":[{\"@type\":\"WebPage\",\"@id\":\"https:\\\/\\\/eurokonstruksion.al\\\/lyerje\\\/\",\"url\":\"https:\\\/\\\/eurokonstruksion.al\\\/lyerje\\\/\",\"name\":\"Lyerje me Boje Elektrostatike - Konstruksione Metalike Tirane\",\"isPartOf\":{\"@id\":\"https:\\\/\\\/eurokonstruksion.al\\\/#website\"},\"primaryImageOfPage\":{\"@id\":\"https:\\\/\\\/eurokonstruksion.al\\\/lyerje\\\/#primaryimage\"},\"image\":{\"@id\":\"https:\\\/\\\/eurokonstruksion.al\\\/lyerje\\\/#primaryimage\"},\"thumbnailUrl\":\"https:\\\/\\\/eurokonstruksion.al\\\/wp-content\\\/uploads\\\/2021\\\/11\\\/EURO-KONSTRUKSION-2007-cover.jpeg\",\"datePublished\":\"2021-11-05T20:19:43+00:00\",\"dateModified\":\"2021-11-11T11:20:18+00:00\",\"description\":\"Euro Konstruksion 2007 Shpk. Konstruksione Metalike: Porta, Kangjella, Shkalle. Prerje Metali me Lazer. Lyrje me Boje Elektrostatike - Tirane\",\"breadcrumb\":{\"@id\":\"https:\\\/\\\/eurokonstruksion.al\\\/lyerje\\\/#breadcrumb\"},\"inLanguage\":\"en-US\",\"potentialAction\":[{\"@type\":\"ReadAction\",\"target\":[\"https:\\\/\\\/eurokonstruksion.al\\\/lyerje\\\/\"]}]},{\"@type\":\"ImageObject\",\"inLanguage\":\"en-US\",\"@id\":\"https:\\\/\\\/eurokonstruksion.al\\\/lyerje\\\/#primaryimage\",\"url\":\"https:\\\/\\\/eurokonstruksion.al\\\/wp-content\\\/uploads\\\/2021\\\/11\\\/EURO-KONSTRUKSION-2007-cover.jpeg\",\"contentUrl\":\"https:\\\/\\\/eurokonstruksion.al\\\/wp-content\\\/uploads\\\/2021\\\/11\\\/EURO-KONSTRUKSION-2007-cover.jpeg\",\"width\":640,\"height\":331},{\"@type\":\"BreadcrumbList\",\"@id\":\"https:\\\/\\\/eurokonstruksion.al\\\/lyerje\\\/#breadcrumb\",\"itemListElement\":[{\"@type\":\"ListItem\",\"position\":1,\"name\":\"Home\",\"item\":\"https:\\\/\\\/eurokonstruksion.al\\\/\"},{\"@type\":\"ListItem\",\"position\":2,\"name\":\"LYERJE\"}]},{\"@type\":\"WebSite\",\"@id\":\"https:\\\/\\\/eurokonstruksion.al\\\/#website\",\"url\":\"https:\\\/\\\/eurokonstruksion.al\\\/\",\"name\":\"Konstruksione Metalike Tirane\",\"description\":\"Euro Konstruksion 2007 Shpk. Konstruksione Metalike. Prerje me Lazer. Lyerje me Boje Elektrostatike\",\"publisher\":{\"@id\":\"https:\\\/\\\/eurokonstruksion.al\\\/#organization\"},\"potentialAction\":[{\"@type\":\"SearchAction\",\"target\":{\"@type\":\"EntryPoint\",\"urlTemplate\":\"https:\\\/\\\/eurokonstruksion.al\\\/?s={search_term_string}\"},\"query-input\":{\"@type\":\"PropertyValueSpecification\",\"valueRequired\":true,\"valueName\":\"search_term_string\"}}],\"inLanguage\":\"en-US\"},{\"@type\":\"Organization\",\"@id\":\"https:\\\/\\\/eurokonstruksion.al\\\/#organization\",\"name\":\"Konstruksione Metalike - Euro Konstruksion 2007 Shpk\",\"url\":\"https:\\\/\\\/eurokonstruksion.al\\\/\",\"logo\":{\"@type\":\"ImageObject\",\"inLanguage\":\"en-US\",\"@id\":\"https:\\\/\\\/eurokonstruksion.al\\\/#\\\/schema\\\/logo\\\/image\\\/\",\"url\":\"https:\\\/\\\/eurokonstruksion.al\\\/wp-content\\\/uploads\\\/2021\\\/11\\\/EURO-KONSTRUKSION-2007-cover.jpeg\",\"contentUrl\":\"https:\\\/\\\/eurokonstruksion.al\\\/wp-content\\\/uploads\\\/2021\\\/11\\\/EURO-KONSTRUKSION-2007-cover.jpeg\",\"width\":640,\"height\":331,\"caption\":\"Konstruksione Metalike - Euro Konstruksion 2007 Shpk\"},\"image\":{\"@id\":\"https:\\\/\\\/eurokonstruksion.al\\\/#\\\/schema\\\/logo\\\/image\\\/\"},\"sameAs\":[\"https:\\\/\\\/facebook.com\\\/eurokontruksion2007\",\"https:\\\/\\\/instagram.com\\\/eurokonstruksion2007\"]}]}<\/script>\n<!-- \/ Yoast SEO plugin. -->","yoast_head_json":{"title":"Lyerje me Boje Elektrostatike - Konstruksione Metalike Tirane","description":"Euro Konstruksion 2007 Shpk. Konstruksione Metalike: Porta, Kangjella, Shkalle. Prerje Metali me Lazer. Lyrje me Boje Elektrostatike - Tirane","robots":{"index":"index","follow":"follow","max-snippet":"max-snippet:-1","max-image-preview":"max-image-preview:large","max-video-preview":"max-video-preview:-1"},"canonical":"https:\/\/eurokonstruksion.al\/en\/lyerje\/","og_locale":"en_US","og_type":"article","og_title":"Lyerje me Boje Elektrostatike - Konstruksione Metalike Tirane","og_description":"Euro Konstruksion 2007 Shpk. Konstruksione Metalike: Porta, Kangjella, Shkalle. Prerje Metali me Lazer. Lyrje me Boje Elektrostatike - Tirane","og_url":"https:\/\/eurokonstruksion.al\/en\/lyerje\/","og_site_name":"Konstruksione Metalike Tirane","article_publisher":"https:\/\/facebook.com\/eurokontruksion2007","article_modified_time":"2021-11-11T11:20:18+00:00","og_image":[{"width":640,"height":331,"url":"https:\/\/eurokonstruksion.al\/wp-content\/uploads\/2021\/11\/EURO-KONSTRUKSION-2007-cover.jpeg","type":"image\/jpeg"}],"twitter_card":"summary_large_image","twitter_misc":{"Est. reading time":"2 minutes"},"schema":{"@context":"https:\/\/schema.org","@graph":[{"@type":"WebPage","@id":"https:\/\/eurokonstruksion.al\/lyerje\/","url":"https:\/\/eurokonstruksion.al\/lyerje\/","name":"Lyerje me Boje Elektrostatike - Konstruksione Metalike Tirane","isPartOf":{"@id":"https:\/\/eurokonstruksion.al\/#website"},"primaryImageOfPage":{"@id":"https:\/\/eurokonstruksion.al\/lyerje\/#primaryimage"},"image":{"@id":"https:\/\/eurokonstruksion.al\/lyerje\/#primaryimage"},"thumbnailUrl":"https:\/\/eurokonstruksion.al\/wp-content\/uploads\/2021\/11\/EURO-KONSTRUKSION-2007-cover.jpeg","datePublished":"2021-11-05T20:19:43+00:00","dateModified":"2021-11-11T11:20:18+00:00","description":"Euro Konstruksion 2007 Shpk. Konstruksione Metalike: Porta, Kangjella, Shkalle. Prerje Metali me Lazer. Lyrje me Boje Elektrostatike - Tirane","breadcrumb":{"@id":"https:\/\/eurokonstruksion.al\/lyerje\/#breadcrumb"},"inLanguage":"en-US","potentialAction":[{"@type":"ReadAction","target":["https:\/\/eurokonstruksion.al\/lyerje\/"]}]},{"@type":"ImageObject","inLanguage":"en-US","@id":"https:\/\/eurokonstruksion.al\/lyerje\/#primaryimage","url":"https:\/\/eurokonstruksion.al\/wp-content\/uploads\/2021\/11\/EURO-KONSTRUKSION-2007-cover.jpeg","contentUrl":"https:\/\/eurokonstruksion.al\/wp-content\/uploads\/2021\/11\/EURO-KONSTRUKSION-2007-cover.jpeg","width":640,"height":331},{"@type":"BreadcrumbList","@id":"https:\/\/eurokonstruksion.al\/lyerje\/#breadcrumb","itemListElement":[{"@type":"ListItem","position":1,"name":"Home","item":"https:\/\/eurokonstruksion.al\/"},{"@type":"ListItem","position":2,"name":"LYERJE"}]},{"@type":"WebSite","@id":"https:\/\/eurokonstruksion.al\/#website","url":"https:\/\/eurokonstruksion.al\/","name":"Konstruksione Metalike Tirane","description":"Euro Konstruksion 2007 Shpk. Konstruksione Metalike. Prerje me Lazer. Lyerje me Boje Elektrostatike","publisher":{"@id":"https:\/\/eurokonstruksion.al\/#organization"},"potentialAction":[{"@type":"SearchAction","target":{"@type":"EntryPoint","urlTemplate":"https:\/\/eurokonstruksion.al\/?s={search_term_string}"},"query-input":{"@type":"PropertyValueSpecification","valueRequired":true,"valueName":"search_term_string"}}],"inLanguage":"en-US"},{"@type":"Organization","@id":"https:\/\/eurokonstruksion.al\/#organization","name":"Konstruksione Metalike - Euro Konstruksion 2007 Shpk","url":"https:\/\/eurokonstruksion.al\/","logo":{"@type":"ImageObject","inLanguage":"en-US","@id":"https:\/\/eurokonstruksion.al\/#\/schema\/logo\/image\/","url":"https:\/\/eurokonstruksion.al\/wp-content\/uploads\/2021\/11\/EURO-KONSTRUKSION-2007-cover.jpeg","contentUrl":"https:\/\/eurokonstruksion.al\/wp-content\/uploads\/2021\/11\/EURO-KONSTRUKSION-2007-cover.jpeg","width":640,"height":331,"caption":"Konstruksione Metalike - Euro Konstruksion 2007 Shpk"},"image":{"@id":"https:\/\/eurokonstruksion.al\/#\/schema\/logo\/image\/"},"sameAs":["https:\/\/facebook.com\/eurokontruksion2007","https:\/\/instagram.com\/eurokonstruksion2007"]}]}},"_links":{"self":[{"href":"https:\/\/eurokonstruksion.al\/en\/wp-json\/wp\/v2\/pages\/74","targetHints":{"allow":["GET"]}}],"collection":[{"href":"https:\/\/eurokonstruksion.al\/en\/wp-json\/wp\/v2\/pages"}],"about":[{"href":"https:\/\/eurokonstruksion.al\/en\/wp-json\/wp\/v2\/types\/page"}],"author":[{"embeddable":true,"href":"https:\/\/eurokonstruksion.al\/en\/wp-json\/wp\/v2\/users\/1"}],"replies":[{"embeddable":true,"href":"https:\/\/eurokonstruksion.al\/en\/wp-json\/wp\/v2\/comments?post=74"}],"version-history":[{"count":6,"href":"https:\/\/eurokonstruksion.al\/en\/wp-json\/wp\/v2\/pages\/74\/revisions"}],"predecessor-version":[{"id":305,"href":"https:\/\/eurokonstruksion.al\/en\/wp-json\/wp\/v2\/pages\/74\/revisions\/305"}],"wp:featuredmedia":[{"embeddable":true,"href":"https:\/\/eurokonstruksion.al\/en\/wp-json\/wp\/v2\/media\/296"}],"wp:attachment":[{"href":"https:\/\/eurokonstruksion.al\/en\/wp-json\/wp\/v2\/media?parent=74"}],"curies":[{"name":"wp","href":"https:\/\/api.w.org\/{rel}","templated":true}]}}