{"id":71,"date":"2021-11-05T20:19:27","date_gmt":"2021-11-05T20:19:27","guid":{"rendered":"https:\/\/eurokonstruksion.al\/?page_id=71"},"modified":"2021-11-11T11:19:14","modified_gmt":"2021-11-11T11:19:14","slug":"prerje-me-lazer","status":"publish","type":"page","link":"https:\/\/eurokonstruksion.al\/en\/prerje-me-lazer\/","title":{"rendered":"LASER CUTTING"},"content":{"rendered":"[et_pb_section fb_built=&#8221;1&#8243; fullwidth=&#8221;on&#8221; admin_label=&#8221;Header&#8221; _builder_version=&#8221;4.13.0&#8243; background_enable_color=&#8221;off&#8221; background_image=&#8221;https:\/\/eurokonstruksion.al\/wp-content\/uploads\/2021\/11\/PRERJE-METALI-ME-LAZER.jpg&#8221; custom_margin=&#8221;0px||0px||true|false&#8221; custom_padding=&#8221;0px|0|0px|0px|false|false&#8221; global_colors_info=&#8221;{}&#8221;][et_pb_fullwidth_header title=&#8221;PRERJE METALI ME LAZER&#8221; text_orientation=&#8221;center&#8221; content_max_width=&#8221;99%&#8221; admin_label=&#8221;Fullwidth Header&#8221; _builder_version=&#8221;4.13.0&#8243; title_font=&#8221;Merriweather||||||||&#8221; title_text_align=&#8221;center&#8221; title_font_size=&#8221;50px&#8221; title_line_height=&#8221;1.4em&#8221; content_font=&#8221;Open Sans||||||||&#8221; content_text_align=&#8221;center&#8221; content_font_size=&#8221;18px&#8221; content_line_height=&#8221;1.8em&#8221; background_color=&#8221;rgba(0,0,0,0)&#8221; use_background_color_gradient=&#8221;on&#8221; background_color_gradient_start=&#8221;rgba(0,0,0,0.54)&#8221; background_color_gradient_end=&#8221;rgba(12,4,25,0.57)&#8221; background_color_gradient_direction=&#8221;140deg&#8221; background_image=&#8221;https:\/\/eurokonstruksion.al\/wp-content\/uploads\/2021\/11\/venture_02.png&#8221; custom_button_one=&#8221;on&#8221; button_one_text_size=&#8221;14px&#8221; button_one_bg_color=&#8221;#ff6d29&#8243; button_one_border_color=&#8221;rgba(0,0,0,0)&#8221; button_one_border_radius=&#8221;0px&#8221; button_one_letter_spacing=&#8221;1px&#8221; button_one_font=&#8221;|700||on|||||&#8221; button_one_custom_padding=&#8221;16px|28px|16px|28px|true|true&#8221; custom_button_two=&#8221;on&#8221; button_two_text_size=&#8221;14px&#8221; button_two_border_width=&#8221;2px&#8221; button_two_border_radius=&#8221;0px&#8221; button_two_letter_spacing=&#8221;1px&#8221; button_two_font=&#8221;|700||on|||||&#8221; button_two_custom_padding=&#8221;16px|28px|16px|28px|true|true&#8221; width=&#8221;100%&#8221; max_width=&#8221;100%&#8221; custom_margin=&#8221;|||&#8221; custom_padding=&#8221;6vw||4vw||false|false&#8221; custom_padding_tablet=&#8221;||||false|false&#8221; custom_padding_phone=&#8221;|||&#8221; custom_padding_last_edited=&#8221;off|phone&#8221; title_font_size_tablet=&#8221;54px&#8221; title_font_size_phone=&#8221;30px&#8221; title_font_size_last_edited=&#8221;on|phone&#8221; content_font_size_tablet=&#8221;&#8221; content_font_size_phone=&#8221;16px&#8221; content_font_size_last_edited=&#8221;on|phone&#8221; custom_css_header_container=&#8221;max-width: 1080px;||width: 100%;&#8221; button_one_border_color_hover=&#8221;#ff8a3d&#8221; button_one_border_radius_hover=&#8221;100px&#8221; button_one_letter_spacing_hover=&#8221;5px&#8221; button_one_bg_color_hover=&#8221;#ff8a3d&#8221; global_colors_info=&#8221;{}&#8221; button_one_text_size__hover_enabled=&#8221;off&#8221; button_two_text_size__hover_enabled=&#8221;off&#8221; button_one_text_color__hover_enabled=&#8221;off&#8221; button_two_text_color__hover_enabled=&#8221;off&#8221; button_one_border_width__hover_enabled=&#8221;off&#8221; button_two_border_width__hover_enabled=&#8221;off&#8221; button_one_border_color__hover_enabled=&#8221;off&#8221; button_one_border_color__hover=&#8221;#ff8a3d&#8221; button_two_border_color__hover_enabled=&#8221;off&#8221; button_one_border_radius__hover_enabled=&#8221;off&#8221; button_one_border_radius__hover=&#8221;100px&#8221; button_two_border_radius__hover_enabled=&#8221;off&#8221; button_one_letter_spacing__hover_enabled=&#8221;off&#8221; button_one_letter_spacing__hover=&#8221;5px&#8221; button_two_letter_spacing__hover_enabled=&#8221;off&#8221; button_one_bg_color__hover_enabled=&#8221;off&#8221; button_one_bg_color__hover=&#8221;#ff8a3d&#8221; button_two_bg_color__hover_enabled=&#8221;off&#8221;][\/et_pb_fullwidth_header][\/et_pb_section][et_pb_section fb_built=&#8221;1&#8243; admin_label=&#8221;video&#8221; _builder_version=&#8221;4.13.0&#8243; background_color=&#8221;rgba(0,0,0,0.73)&#8221; custom_margin=&#8221;0px|0px|0px|0px|true|true&#8221; custom_padding=&#8221;10px|0px|10px|0px|true|true&#8221; global_colors_info=&#8221;{}&#8221;][et_pb_row column_structure=&#8221;3_5,2_5&#8243; _builder_version=&#8221;4.13.0&#8243; width=&#8221;100%&#8221; max_width=&#8221;2560px&#8221; module_alignment=&#8221;center&#8221; custom_padding=&#8221;5px|10px|5px|10px|true|true&#8221; hover_enabled=&#8221;0&#8243; global_colors_info=&#8221;{}&#8221; sticky_enabled=&#8221;0&#8243;][et_pb_column type=&#8221;3_5&#8243; _builder_version=&#8221;3.26.7&#8243; global_colors_info=&#8221;{}&#8221;][et_pb_video_slider show_image_overlay=&#8221;on&#8221; _builder_version=&#8221;4.13.0&#8243; _module_preset=&#8221;default&#8221; global_colors_info=&#8221;{}&#8221;][et_pb_video_slider_item admin_title=&#8221;PRERJE ME LAZER 4&#8243; src=&#8221;https:\/\/eurokonstruksion.al\/wp-content\/uploads\/2021\/11\/PRERJE-ME-LAZER-04.mp4&#8243; src_webm=&#8221;https:\/\/eurokonstruksion.al\/wp-content\/uploads\/2021\/11\/PRERJE-ME-LAZER-04.mp4&#8243; image_src=&#8221;https:\/\/eurokonstruksion.al\/wp-content\/uploads\/2021\/11\/MAKINE-PRERJE-METALI-ME-LAZER-1.jpg&#8221; _builder_version=&#8221;4.13.0&#8243; _module_preset=&#8221;default&#8221; global_colors_info=&#8221;{}&#8221; show_image_overlay=&#8221;on&#8221;][\/et_pb_video_slider_item][et_pb_video_slider_item admin_title=&#8221;PRERJE ME LAZER 5&#8243; src=&#8221;https:\/\/eurokonstruksion.al\/wp-content\/uploads\/2021\/11\/MAKINA-E-PRERJES-ME-LAZER.mp4&#8243; src_webm=&#8221;https:\/\/eurokonstruksion.al\/wp-content\/uploads\/2021\/11\/MAKINA-E-PRERJES-ME-LAZER.mp4&#8243; image_src=&#8221;https:\/\/eurokonstruksion.al\/wp-content\/uploads\/2021\/11\/MAKINE-PRERJE-METALI-ME-LAZER-5.jpeg&#8221; _builder_version=&#8221;4.13.0&#8243; _module_preset=&#8221;default&#8221; global_colors_info=&#8221;{}&#8221; show_image_overlay=&#8221;on&#8221;][\/et_pb_video_slider_item][et_pb_video_slider_item admin_title=&#8221;PRERJE ME LAZER 1&#8243; src=&#8221;https:\/\/eurokonstruksion.al\/wp-content\/uploads\/2021\/11\/PRERJE-ME-LAZER-01.mp4&#8243; src_webm=&#8221;https:\/\/eurokonstruksion.al\/wp-content\/uploads\/2021\/11\/PRERJE-ME-LAZER-01.mp4&#8243; image_src=&#8221;https:\/\/eurokonstruksion.al\/wp-content\/uploads\/2021\/11\/MAKINE-PRERJE-METALI-ME-LAZER-4.jpg&#8221; _builder_version=&#8221;4.13.0&#8243; _module_preset=&#8221;default&#8221; global_colors_info=&#8221;{}&#8221; show_image_overlay=&#8221;on&#8221;][\/et_pb_video_slider_item][et_pb_video_slider_item admin_title=&#8221;PRERJE ME LAZER 2&#8243; src=&#8221;https:\/\/eurokonstruksion.al\/wp-content\/uploads\/2021\/11\/PRERJE-ME-LAZER-02.mp4&#8243; src_webm=&#8221;https:\/\/eurokonstruksion.al\/wp-content\/uploads\/2021\/11\/PRERJE-ME-LAZER-02.mp4&#8243; image_src=&#8221;https:\/\/eurokonstruksion.al\/wp-content\/uploads\/2021\/11\/MAKINE-PRERJE-METALI-ME-LAZER-2.jpg&#8221; _builder_version=&#8221;4.13.0&#8243; _module_preset=&#8221;default&#8221; global_colors_info=&#8221;{}&#8221; show_image_overlay=&#8221;on&#8221;][\/et_pb_video_slider_item][et_pb_video_slider_item admin_title=&#8221;PRERJE ME LAZER 3&#8243; src=&#8221;https:\/\/eurokonstruksion.al\/wp-content\/uploads\/2021\/11\/PRERJE-ME-LAZER-03.mp4&#8243; src_webm=&#8221;https:\/\/eurokonstruksion.al\/wp-content\/uploads\/2021\/11\/PRERJE-ME-LAZER-03.mp4&#8243; image_src=&#8221;https:\/\/eurokonstruksion.al\/wp-content\/uploads\/2021\/11\/MAKINE-PRERJE-METALI-ME-LAZER-3.jpg&#8221; _builder_version=&#8221;4.13.0&#8243; _module_preset=&#8221;default&#8221; global_colors_info=&#8221;{}&#8221; show_image_overlay=&#8221;on&#8221;][\/et_pb_video_slider_item][\/et_pb_video_slider][\/et_pb_column][et_pb_column type=&#8221;2_5&#8243; _builder_version=&#8221;4.13.0&#8243; custom_padding=&#8221;30px||30px||true|false&#8221; custom_padding_tablet=&#8221;80px||80px||true|false&#8221; custom_padding_phone=&#8221;5px||5px||true|false&#8221; custom_padding_last_edited=&#8221;on|phone&#8221; hover_enabled=&#8221;0&#8243; global_colors_info=&#8221;{}&#8221; sticky_enabled=&#8221;0&#8243;][et_pb_text _builder_version=&#8221;4.13.0&#8243; text_font_size=&#8221;16px&#8221; text_line_height=&#8221;2em&#8221; header_3_font=&#8221;Merriweather||||||||&#8221; header_3_font_size=&#8221;40px&#8221; header_3_line_height=&#8221;1.4em&#8221; text_orientation=&#8221;center&#8221; background_layout=&#8221;dark&#8221; max_width=&#8221;800px&#8221; max_width_tablet=&#8221;600px&#8221; max_width_phone=&#8221;400px&#8221; max_width_last_edited=&#8221;on|phone&#8221; module_alignment=&#8221;center&#8221; hover_enabled=&#8221;0&#8243; header_3_font_size_tablet=&#8221;36px&#8221; header_3_font_size_phone=&#8221;24px&#8221; header_3_font_size_last_edited=&#8221;on|desktop&#8221; locked=&#8221;off&#8221; global_colors_info=&#8221;{}&#8221; sticky_enabled=&#8221;0&#8243;]<p style=\"text-align: justify;\">Laser cutting is a fabrication process that uses a high power laser beam on a laser cutting machine to cut materials into various shapes and designs.<\/p>[\/et_pb_text][et_pb_text _builder_version=&#8221;4.13.0&#8243; text_font_size=&#8221;16px&#8221; text_line_height=&#8221;2em&#8221; header_3_font=&#8221;Merriweather||||||||&#8221; header_3_font_size=&#8221;40px&#8221; header_3_line_height=&#8221;1.4em&#8221; text_orientation=&#8221;center&#8221; background_layout=&#8221;dark&#8221; max_width=&#8221;800px&#8221; max_width_tablet=&#8221;600px&#8221; max_width_phone=&#8221;400px&#8221; max_width_last_edited=&#8221;on|phone&#8221; module_alignment=&#8221;center&#8221; header_3_font_size_tablet=&#8221;36px&#8221; header_3_font_size_phone=&#8221;24px&#8221; header_3_font_size_last_edited=&#8221;on|desktop&#8221; locked=&#8221;off&#8221; global_colors_info=&#8221;{}&#8221;]<p style=\"text-align: justify;\">Laser cutting is a very advanced industrial technology used for accurate and efficient cutting of metals and other production materials.<\/p>[\/et_pb_text][et_pb_text _builder_version=&#8221;4.13.0&#8243; text_font_size=&#8221;16px&#8221; text_line_height=&#8221;2em&#8221; header_3_font=&#8221;Merriweather||||||||&#8221; header_3_font_size=&#8221;40px&#8221; header_3_line_height=&#8221;1.4em&#8221; text_orientation=&#8221;center&#8221; background_layout=&#8221;dark&#8221; max_width=&#8221;800px&#8221; max_width_tablet=&#8221;600px&#8221; max_width_phone=&#8221;400px&#8221; max_width_last_edited=&#8221;on|phone&#8221; module_alignment=&#8221;center&#8221; hover_enabled=&#8221;0&#8243; header_3_font_size_tablet=&#8221;36px&#8221; header_3_font_size_phone=&#8221;24px&#8221; header_3_font_size_last_edited=&#8221;on|desktop&#8221; locked=&#8221;off&#8221; global_colors_info=&#8221;{}&#8221; sticky_enabled=&#8221;0&#8243;]<p style=\"text-align: justify;\">Laser cutting is used in different areas, especially when high precision of component geometry and cut edge is required. The preferred range for steel sheets is up to a material thickness of up to 20 millimeters. In certain circumstances, however, this range may extend up to 25 millimeters.<\/p>\n<p style=\"text-align: justify;\">We offer Laser cutting according to your request and need! The material cut by Fiber Laser Machine is done in fast time and does not require further processing after cutting.<\/p>[\/et_pb_text][\/et_pb_column][\/et_pb_row][\/et_pb_section]","protected":false},"excerpt":{"rendered":"<p>Prerja me lazer \u00ebsht\u00eb nj\u00eb proces fabrikimi q\u00eb p\u00ebrdor nj\u00eb rreze lazer me fuqi t\u00eb lart\u00eb n\u00eb nj\u00eb makin\u00eb prer\u00ebse lazer p\u00ebr t\u00eb prer\u00eb materialin n\u00eb forma dhe dizajne t\u00eb ndryshme.Prerja me lazer \u00ebsht\u00eb nj\u00eb teknologji industriale shum\u00eb e avancuar e p\u00ebrdorur p\u00ebr prerjen e sakt\u00eb dhe efikase t\u00eb metaleve dhe materialeve t\u00eb tjera p\u00ebr [&hellip;]<\/p>","protected":false},"author":1,"featured_media":296,"parent":0,"menu_order":0,"comment_status":"closed","ping_status":"closed","template":"","meta":{"_et_pb_use_builder":"on","_et_pb_old_content":"<!-- wp:divi\/placeholder \/-->","_et_gb_content_width":"","footnotes":""},"class_list":["post-71","page","type-page","status-publish","has-post-thumbnail","hentry"],"yoast_head":"<!-- This site is optimized with the Yoast SEO plugin v27.3 - https:\/\/yoast.com\/product\/yoast-seo-wordpress\/ -->\n<title>Prerje Metali me Lazer - Konstruksione Metalike Tirane<\/title>\n<meta name=\"description\" content=\"Euro Konstruksion 2007 Shpk ofron Konstruksione Metalike: Porta, Kangjella, Shkalle. Prerje Metali me Laser - Tirane\" \/>\n<meta name=\"robots\" content=\"index, follow, max-snippet:-1, max-image-preview:large, max-video-preview:-1\" \/>\n<link rel=\"canonical\" href=\"https:\/\/eurokonstruksion.al\/en\/prerje-me-lazer\/\" \/>\n<meta property=\"og:locale\" content=\"en_US\" \/>\n<meta property=\"og:type\" content=\"article\" \/>\n<meta property=\"og:title\" content=\"Prerje Metali me Lazer - Konstruksione Metalike Tirane\" \/>\n<meta property=\"og:description\" content=\"Euro Konstruksion 2007 Shpk ofron Konstruksione Metalike: Porta, Kangjella, Shkalle. Prerje Metali me Laser - Tirane\" \/>\n<meta property=\"og:url\" content=\"https:\/\/eurokonstruksion.al\/en\/prerje-me-lazer\/\" \/>\n<meta property=\"og:site_name\" content=\"Konstruksione Metalike Tirane\" \/>\n<meta property=\"article:publisher\" content=\"https:\/\/facebook.com\/eurokontruksion2007\" \/>\n<meta property=\"article:modified_time\" content=\"2021-11-11T11:19:14+00:00\" \/>\n<meta property=\"og:image\" content=\"https:\/\/eurokonstruksion.al\/wp-content\/uploads\/2021\/11\/EURO-KONSTRUKSION-2007-cover.jpeg\" \/>\n\t<meta property=\"og:image:width\" content=\"640\" \/>\n\t<meta property=\"og:image:height\" content=\"331\" \/>\n\t<meta property=\"og:image:type\" content=\"image\/jpeg\" \/>\n<meta name=\"twitter:card\" content=\"summary_large_image\" \/>\n<meta name=\"twitter:label1\" content=\"Est. reading time\" \/>\n\t<meta name=\"twitter:data1\" content=\"2 minutes\" \/>\n<script type=\"application\/ld+json\" class=\"yoast-schema-graph\">{\"@context\":\"https:\\\/\\\/schema.org\",\"@graph\":[{\"@type\":\"WebPage\",\"@id\":\"https:\\\/\\\/eurokonstruksion.al\\\/prerje-me-lazer\\\/\",\"url\":\"https:\\\/\\\/eurokonstruksion.al\\\/prerje-me-lazer\\\/\",\"name\":\"Prerje Metali me Lazer - Konstruksione Metalike Tirane\",\"isPartOf\":{\"@id\":\"https:\\\/\\\/eurokonstruksion.al\\\/#website\"},\"primaryImageOfPage\":{\"@id\":\"https:\\\/\\\/eurokonstruksion.al\\\/prerje-me-lazer\\\/#primaryimage\"},\"image\":{\"@id\":\"https:\\\/\\\/eurokonstruksion.al\\\/prerje-me-lazer\\\/#primaryimage\"},\"thumbnailUrl\":\"https:\\\/\\\/eurokonstruksion.al\\\/wp-content\\\/uploads\\\/2021\\\/11\\\/EURO-KONSTRUKSION-2007-cover.jpeg\",\"datePublished\":\"2021-11-05T20:19:27+00:00\",\"dateModified\":\"2021-11-11T11:19:14+00:00\",\"description\":\"Euro Konstruksion 2007 Shpk ofron Konstruksione Metalike: Porta, Kangjella, Shkalle. Prerje Metali me Laser - Tirane\",\"breadcrumb\":{\"@id\":\"https:\\\/\\\/eurokonstruksion.al\\\/prerje-me-lazer\\\/#breadcrumb\"},\"inLanguage\":\"en-US\",\"potentialAction\":[{\"@type\":\"ReadAction\",\"target\":[\"https:\\\/\\\/eurokonstruksion.al\\\/prerje-me-lazer\\\/\"]}]},{\"@type\":\"ImageObject\",\"inLanguage\":\"en-US\",\"@id\":\"https:\\\/\\\/eurokonstruksion.al\\\/prerje-me-lazer\\\/#primaryimage\",\"url\":\"https:\\\/\\\/eurokonstruksion.al\\\/wp-content\\\/uploads\\\/2021\\\/11\\\/EURO-KONSTRUKSION-2007-cover.jpeg\",\"contentUrl\":\"https:\\\/\\\/eurokonstruksion.al\\\/wp-content\\\/uploads\\\/2021\\\/11\\\/EURO-KONSTRUKSION-2007-cover.jpeg\",\"width\":640,\"height\":331},{\"@type\":\"BreadcrumbList\",\"@id\":\"https:\\\/\\\/eurokonstruksion.al\\\/prerje-me-lazer\\\/#breadcrumb\",\"itemListElement\":[{\"@type\":\"ListItem\",\"position\":1,\"name\":\"Home\",\"item\":\"https:\\\/\\\/eurokonstruksion.al\\\/\"},{\"@type\":\"ListItem\",\"position\":2,\"name\":\"PRERJE ME LAZER\"}]},{\"@type\":\"WebSite\",\"@id\":\"https:\\\/\\\/eurokonstruksion.al\\\/#website\",\"url\":\"https:\\\/\\\/eurokonstruksion.al\\\/\",\"name\":\"Konstruksione Metalike Tirane\",\"description\":\"Euro Konstruksion 2007 Shpk. Konstruksione Metalike. Prerje me Lazer. Lyerje me Boje Elektrostatike\",\"publisher\":{\"@id\":\"https:\\\/\\\/eurokonstruksion.al\\\/#organization\"},\"potentialAction\":[{\"@type\":\"SearchAction\",\"target\":{\"@type\":\"EntryPoint\",\"urlTemplate\":\"https:\\\/\\\/eurokonstruksion.al\\\/?s={search_term_string}\"},\"query-input\":{\"@type\":\"PropertyValueSpecification\",\"valueRequired\":true,\"valueName\":\"search_term_string\"}}],\"inLanguage\":\"en-US\"},{\"@type\":\"Organization\",\"@id\":\"https:\\\/\\\/eurokonstruksion.al\\\/#organization\",\"name\":\"Konstruksione Metalike - Euro Konstruksion 2007 Shpk\",\"url\":\"https:\\\/\\\/eurokonstruksion.al\\\/\",\"logo\":{\"@type\":\"ImageObject\",\"inLanguage\":\"en-US\",\"@id\":\"https:\\\/\\\/eurokonstruksion.al\\\/#\\\/schema\\\/logo\\\/image\\\/\",\"url\":\"https:\\\/\\\/eurokonstruksion.al\\\/wp-content\\\/uploads\\\/2021\\\/11\\\/EURO-KONSTRUKSION-2007-cover.jpeg\",\"contentUrl\":\"https:\\\/\\\/eurokonstruksion.al\\\/wp-content\\\/uploads\\\/2021\\\/11\\\/EURO-KONSTRUKSION-2007-cover.jpeg\",\"width\":640,\"height\":331,\"caption\":\"Konstruksione Metalike - Euro Konstruksion 2007 Shpk\"},\"image\":{\"@id\":\"https:\\\/\\\/eurokonstruksion.al\\\/#\\\/schema\\\/logo\\\/image\\\/\"},\"sameAs\":[\"https:\\\/\\\/facebook.com\\\/eurokontruksion2007\",\"https:\\\/\\\/instagram.com\\\/eurokonstruksion2007\"]}]}<\/script>\n<!-- \/ Yoast SEO plugin. -->","yoast_head_json":{"title":"Prerje Metali me Lazer - Konstruksione Metalike Tirane","description":"Euro Konstruksion 2007 Shpk ofron Konstruksione Metalike: Porta, Kangjella, Shkalle. Prerje Metali me Laser - Tirane","robots":{"index":"index","follow":"follow","max-snippet":"max-snippet:-1","max-image-preview":"max-image-preview:large","max-video-preview":"max-video-preview:-1"},"canonical":"https:\/\/eurokonstruksion.al\/en\/prerje-me-lazer\/","og_locale":"en_US","og_type":"article","og_title":"Prerje Metali me Lazer - Konstruksione Metalike Tirane","og_description":"Euro Konstruksion 2007 Shpk ofron Konstruksione Metalike: Porta, Kangjella, Shkalle. Prerje Metali me Laser - Tirane","og_url":"https:\/\/eurokonstruksion.al\/en\/prerje-me-lazer\/","og_site_name":"Konstruksione Metalike Tirane","article_publisher":"https:\/\/facebook.com\/eurokontruksion2007","article_modified_time":"2021-11-11T11:19:14+00:00","og_image":[{"width":640,"height":331,"url":"https:\/\/eurokonstruksion.al\/wp-content\/uploads\/2021\/11\/EURO-KONSTRUKSION-2007-cover.jpeg","type":"image\/jpeg"}],"twitter_card":"summary_large_image","twitter_misc":{"Est. reading time":"2 minutes"},"schema":{"@context":"https:\/\/schema.org","@graph":[{"@type":"WebPage","@id":"https:\/\/eurokonstruksion.al\/prerje-me-lazer\/","url":"https:\/\/eurokonstruksion.al\/prerje-me-lazer\/","name":"Prerje Metali me Lazer - Konstruksione Metalike Tirane","isPartOf":{"@id":"https:\/\/eurokonstruksion.al\/#website"},"primaryImageOfPage":{"@id":"https:\/\/eurokonstruksion.al\/prerje-me-lazer\/#primaryimage"},"image":{"@id":"https:\/\/eurokonstruksion.al\/prerje-me-lazer\/#primaryimage"},"thumbnailUrl":"https:\/\/eurokonstruksion.al\/wp-content\/uploads\/2021\/11\/EURO-KONSTRUKSION-2007-cover.jpeg","datePublished":"2021-11-05T20:19:27+00:00","dateModified":"2021-11-11T11:19:14+00:00","description":"Euro Konstruksion 2007 Shpk ofron Konstruksione Metalike: Porta, Kangjella, Shkalle. Prerje Metali me Laser - Tirane","breadcrumb":{"@id":"https:\/\/eurokonstruksion.al\/prerje-me-lazer\/#breadcrumb"},"inLanguage":"en-US","potentialAction":[{"@type":"ReadAction","target":["https:\/\/eurokonstruksion.al\/prerje-me-lazer\/"]}]},{"@type":"ImageObject","inLanguage":"en-US","@id":"https:\/\/eurokonstruksion.al\/prerje-me-lazer\/#primaryimage","url":"https:\/\/eurokonstruksion.al\/wp-content\/uploads\/2021\/11\/EURO-KONSTRUKSION-2007-cover.jpeg","contentUrl":"https:\/\/eurokonstruksion.al\/wp-content\/uploads\/2021\/11\/EURO-KONSTRUKSION-2007-cover.jpeg","width":640,"height":331},{"@type":"BreadcrumbList","@id":"https:\/\/eurokonstruksion.al\/prerje-me-lazer\/#breadcrumb","itemListElement":[{"@type":"ListItem","position":1,"name":"Home","item":"https:\/\/eurokonstruksion.al\/"},{"@type":"ListItem","position":2,"name":"PRERJE ME LAZER"}]},{"@type":"WebSite","@id":"https:\/\/eurokonstruksion.al\/#website","url":"https:\/\/eurokonstruksion.al\/","name":"Konstruksione Metalike Tirane","description":"Euro Konstruksion 2007 Shpk. Konstruksione Metalike. Prerje me Lazer. Lyerje me Boje Elektrostatike","publisher":{"@id":"https:\/\/eurokonstruksion.al\/#organization"},"potentialAction":[{"@type":"SearchAction","target":{"@type":"EntryPoint","urlTemplate":"https:\/\/eurokonstruksion.al\/?s={search_term_string}"},"query-input":{"@type":"PropertyValueSpecification","valueRequired":true,"valueName":"search_term_string"}}],"inLanguage":"en-US"},{"@type":"Organization","@id":"https:\/\/eurokonstruksion.al\/#organization","name":"Konstruksione Metalike - Euro Konstruksion 2007 Shpk","url":"https:\/\/eurokonstruksion.al\/","logo":{"@type":"ImageObject","inLanguage":"en-US","@id":"https:\/\/eurokonstruksion.al\/#\/schema\/logo\/image\/","url":"https:\/\/eurokonstruksion.al\/wp-content\/uploads\/2021\/11\/EURO-KONSTRUKSION-2007-cover.jpeg","contentUrl":"https:\/\/eurokonstruksion.al\/wp-content\/uploads\/2021\/11\/EURO-KONSTRUKSION-2007-cover.jpeg","width":640,"height":331,"caption":"Konstruksione Metalike - Euro Konstruksion 2007 Shpk"},"image":{"@id":"https:\/\/eurokonstruksion.al\/#\/schema\/logo\/image\/"},"sameAs":["https:\/\/facebook.com\/eurokontruksion2007","https:\/\/instagram.com\/eurokonstruksion2007"]}]}},"_links":{"self":[{"href":"https:\/\/eurokonstruksion.al\/en\/wp-json\/wp\/v2\/pages\/71","targetHints":{"allow":["GET"]}}],"collection":[{"href":"https:\/\/eurokonstruksion.al\/en\/wp-json\/wp\/v2\/pages"}],"about":[{"href":"https:\/\/eurokonstruksion.al\/en\/wp-json\/wp\/v2\/types\/page"}],"author":[{"embeddable":true,"href":"https:\/\/eurokonstruksion.al\/en\/wp-json\/wp\/v2\/users\/1"}],"replies":[{"embeddable":true,"href":"https:\/\/eurokonstruksion.al\/en\/wp-json\/wp\/v2\/comments?post=71"}],"version-history":[{"count":16,"href":"https:\/\/eurokonstruksion.al\/en\/wp-json\/wp\/v2\/pages\/71\/revisions"}],"predecessor-version":[{"id":304,"href":"https:\/\/eurokonstruksion.al\/en\/wp-json\/wp\/v2\/pages\/71\/revisions\/304"}],"wp:featuredmedia":[{"embeddable":true,"href":"https:\/\/eurokonstruksion.al\/en\/wp-json\/wp\/v2\/media\/296"}],"wp:attachment":[{"href":"https:\/\/eurokonstruksion.al\/en\/wp-json\/wp\/v2\/media?parent=71"}],"curies":[{"name":"wp","href":"https:\/\/api.w.org\/{rel}","templated":true}]}}